{"id":460,"date":"2024-01-16T14:11:30","date_gmt":"2024-01-16T12:11:30","guid":{"rendered":"https:\/\/traffic-luxury.com\/?page_id=460"},"modified":"2025-07-04T21:40:40","modified_gmt":"2025-07-04T18:40:40","slug":"rental-policy","status":"publish","type":"page","link":"https:\/\/traffic-luxury.com\/de\/mietbedingungen\/","title":{"rendered":"Mietbedingungen"},"content":{"rendered":"<div data-elementor-type=\"wp-page\" data-elementor-id=\"460\" class=\"elementor elementor-460\" data-elementor-post-type=\"page\">\n\t\t\t\t\t\t<section class=\"elementor-section elementor-top-section elementor-element elementor-element-456f074 elementor-section-height-min-height elementor-section-items-bottom elementor-section-boxed elementor-section-height-default\" data-id=\"456f074\" data-element_type=\"section\" data-e-type=\"section\" data-settings=\"{&quot;background_background&quot;:&quot;classic&quot;}\">\n\t\t\t\t\t\t\t<div class=\"elementor-background-overlay\"><\/div>\n\t\t\t\t\t\t\t<div class=\"elementor-container elementor-column-gap-no\">\n\t\t\t\t\t<div class=\"elementor-column elementor-col-100 elementor-top-column elementor-element elementor-element-0cdca33\" data-id=\"0cdca33\" data-element_type=\"column\" data-e-type=\"column\">\n\t\t\t<div class=\"elementor-widget-wrap elementor-element-populated\">\n\t\t\t\t\t\t<div class=\"elementor-element elementor-element-4708c41 elementor-widget elementor-widget-heading\" data-id=\"4708c41\" data-element_type=\"widget\" data-e-type=\"widget\" data-widget_type=\"heading.default\">\n\t\t\t\t<div class=\"elementor-widget-container\">\n\t\t\t\t\t<h1 class=\"elementor-heading-title elementor-size-default\">Mietbedingungen<\/h1>\t\t\t\t<\/div>\n\t\t\t\t<\/div>\n\t\t\t\t<div class=\"elementor-element elementor-element-1a9030a elementor-icon-list--layout-inline elementor-align-center elementor-list-item-link-full_width elementor-widget elementor-widget-icon-list\" data-id=\"1a9030a\" data-element_type=\"widget\" data-e-type=\"widget\" data-widget_type=\"icon-list.default\">\n\t\t\t\t<div class=\"elementor-widget-container\">\n\t\t\t\t\t\t\t<ul class=\"elementor-icon-list-items elementor-inline-items\">\n\t\t\t\t\t\t\t<li class=\"elementor-icon-list-item elementor-inline-item\">\n\t\t\t\t\t\t\t\t\t\t\t<a href=\"https:\/\/traffic-luxury.com\/de\">\n\n\t\t\t\t\t\t\t\t\t\t\t<span class=\"elementor-icon-list-text\">Heim<\/span>\n\t\t\t\t\t\t\t\t\t\t\t<\/a>\n\t\t\t\t\t\t\t\t\t<\/li>\n\t\t\t\t\t\t\t\t<li class=\"elementor-icon-list-item elementor-inline-item\">\n\t\t\t\t\t\t\t\t\t\t\t<a href=\"https:\/\/traffic-luxury.com\/de\/mietbedingungen\/\">\n\n\t\t\t\t\t\t\t\t\t\t\t\t<span class=\"elementor-icon-list-icon\">\n\t\t\t\t\t\t\t<i aria-hidden=\"true\" class=\"fas fa-chevron-right\"><\/i>\t\t\t\t\t\t<\/span>\n\t\t\t\t\t\t\t\t\t\t<span class=\"elementor-icon-list-text\">Mietbedingungen<\/span>\n\t\t\t\t\t\t\t\t\t\t\t<\/a>\n\t\t\t\t\t\t\t\t\t<\/li>\n\t\t\t\t\t\t<\/ul>\n\t\t\t\t\t\t<\/div>\n\t\t\t\t<\/div>\n\t\t\t\t\t<\/div>\n\t\t<\/div>\n\t\t\t\t\t<\/div>\n\t\t<\/section>\n\t\t\t\t<section class=\"elementor-section elementor-top-section elementor-element elementor-element-f6343b2 elementor-section-boxed elementor-section-height-default elementor-section-height-default\" data-id=\"f6343b2\" data-element_type=\"section\" data-e-type=\"section\">\n\t\t\t\t\t\t<div class=\"elementor-container elementor-column-gap-no\">\n\t\t\t\t\t<div class=\"elementor-column elementor-col-100 elementor-top-column elementor-element elementor-element-650da0f\" data-id=\"650da0f\" data-element_type=\"column\" data-e-type=\"column\">\n\t\t\t<div class=\"elementor-widget-wrap elementor-element-populated\">\n\t\t\t\t\t\t<div class=\"elementor-element elementor-element-50bb318 elementor-widget-tablet_extra__width-initial elementor-widget elementor-widget-text-editor\" data-id=\"50bb318\" data-element_type=\"widget\" data-e-type=\"widget\" data-widget_type=\"text-editor.default\">\n\t\t\t\t<div class=\"elementor-widget-container\">\n\t\t\t\t\t\t\t\t\t<h5>Was Sie wissen m\u00fcssen, wenn Sie bei uns ein Auto mieten<\/h5>\n<p>F\u00fcr die Anmietung gelten die folgenden allgemeinen Mietbedingungen. Bitte beachten Sie, dass die spezifischen Mietbedingungen, die f\u00fcr die Anmietung gelten k\u00f6nnen, im Abschnitt \u201eSpezifische Mietbedingungen\u201c verf\u00fcgbar sind. Traffic SA empfiehlt Ihnen dringend, die allgemeinen Mietbedingungen sowie die f\u00fcr die Anmietung geltenden spezifischen Mietbedingungen sorgf\u00e4ltig durchzulesen. Traffic SA empfiehlt Ihnen au\u00dferdem dringend, die im Mietvertrag aufgef\u00fchrten Bedingungen, die Sie vor dem Check-out an der Traffic SA-Station unterzeichnet haben, sorgf\u00e4ltig durchzulesen. Um den Anmietvorgang zu vereinfachen, sind die Bedingungen von Traffic SA in der Landessprache und in Englisch verf\u00fcgbar.<\/p>\n<h5>Allgemeine Gesch\u00e4ftsbedingungen<\/h5>\n<p><strong>ALTER DES FAHRERS<\/strong>: Das Mindestalter des Fahrers betr\u00e4gt f\u00fcr Kreditkarteninhaber 21 Jahre und f\u00fcr Nichtinhaber 23 Jahre. F\u00fcr Fahrzeuge der Kategorien F, K-K2, L3, S1-S3 und \u039c betr\u00e4gt das Mindestalter des Fahrers 25 Jahre.<\/p>\n<p><strong>F\u00dcHRERSCHEIN<\/strong>:Der Fahrer muss seit mindestens 3 Jahren im Besitz eines uneingeschr\u00e4nkten F\u00fchrerscheins sein.<\/p>\n<p><strong>Mindestmietdauer<\/strong>: 24 Stunden.29 Minuten nach Ablauf der 24-st\u00fcndigen Mietzeit wird ein zus\u00e4tzlicher Tag berechnet.<\/p>\n<p><strong>GELDBUSSEN<\/strong>: Alle Bu\u00dfgelder und Verwaltungsstrafen sind vom Fahrer zu zahlen.<\/p>\n<p><strong>AUTOVERF\u00dcGBARKEIT<\/strong>: Das Unternehmen beh\u00e4lt sich das Recht vor, die Fahrzeugtypen in jeder Kategorie zu ersetzen.<\/p>\n<p><strong>ABHOLUNG-LIEFERUNG<\/strong>: Kostenlos f\u00fcr alle Kategorien.<\/p>\n<p><strong>AUTOAUSFAHRT AUS GRIECHENLAND<\/strong>: Mietwagen d\u00fcrfen ohne vorherige schriftliche Zustimmung von Traffic SA nicht au\u00dferhalb der Grenzen Griechenlands gebracht werden.<\/p>\n<p><strong>SCHIFFSTRANSPORT<\/strong>: Das Fahrzeug darf nicht ohne vorherige schriftliche Zustimmung von Traffic SA auf ein Schiff verladen werden.<\/p>\n<h5>Versicherungspolicen f\u00fcr Luxusautos<\/h5>\n<p>LUXUSFAHRZEUGE K\u00d6NNEN NUR MIT CDW-VERSICHERUNG GEMIETET WERDEN<\/p>\n<p><strong>CDW-Versicherung&nbsp;<\/strong><\/p>\n<p>Der Mieter haftet bis zur H\u00f6he der Kaution, die pro Auto angegeben ist.<\/p>\n<p>Der Mieter ist f\u00fcr alle Sch\u00e4den verantwortlich, die durch das Fahrgestell, die Innenfelgen und die Reifen verursacht werden, auch wenn diese den Selbstbehalt \u00fcberschreiten. Die CDW-Versicherung gilt nicht, wenn die Sch\u00e4den auf Verst\u00f6\u00dfe gegen die griechische Verkehrsordnung zur\u00fcckzuf\u00fchren sind.<\/p>\n<p>F\u00fcr Fahrzeuge aller Luxuskategorien ist eine Kreditkarte (oder in manchen F\u00e4llen Bargeld) als Garantie erforderlich.<\/p>\n<p>Alle Preise verstehen sich pro Tag und beinhalten 241 TP3T Mehrwertsteuer und eine unbegrenzte Kilometerzahl.<\/p>\n<ul>\n<li>Telefonische Nothilfe rund um die Uhr<\/li>\n<li>24 Stunden Pannenhilfe<\/li>\n<li>Autowechsel im Pannenfall<\/li>\n<li>Keine \u00dcberraschungen am Schreibtisch<\/li>\n<li>Unbegrenzte Kilometer<\/li>\n<li>Lieferungen\/Abholungen am Flughafen, Ihrem Hotel oder unseren B\u00fcros<\/li>\n<\/ul>\n<p><em>Hinweis: Bitte fragen Sie unbedingt nach Ihrem bevorzugten Kraftstofftyp, Getriebetyp und allen anderen Details, um die bestm\u00f6gliche Unterst\u00fctzung von unseren erfahrenen Vertretern zu erhalten!<\/em><\/p>\n<p><em>&nbsp;<\/em><b style=\"color: rgb(0, 0, 0); font-family: &quot;Helvetica Neue&quot;; font-size: 20px;\">Stornierungsbedingungen<\/b><\/p><p style=\"margin-bottom: 0px; font: 400 13px &quot;Helvetica Neue&quot;; color: rgb(0, 0, 0);\">Unsere Stornierungsbedingungen h\u00e4ngen von der Art der Reservierung ab. Bitte lesen Sie die geltenden Bedingungen unten:<\/p><p style=\"margin-bottom: 0px; font: 400 13px &quot;Helvetica Neue&quot;; min-height: 15px; color: rgb(0, 0, 0);\"><br><\/p><p style=\"margin-bottom: 2px; font: 400 16px &quot;Helvetica Neue&quot;; color: rgb(0, 0, 0);\"><b>1. Teilweise im Voraus bezahlte Reservierungen<\/b><\/p><ul style=\"color: rgb(0, 0, 0); font-size: medium; font-style: normal; font-variant-ligatures: normal; font-variant-caps: normal; font-weight: 400;\"><li style=\"font: 13px &quot;Helvetica Neue&quot;;\"><span style=\"font-variant-numeric: normal; font-variant-east-asian: normal; font-variant-alternates: normal; font-size-adjust: none; font-kerning: auto; font-optical-sizing: auto; font-feature-settings: normal; font-variation-settings: normal; font-variant-position: normal; font-variant-emoji: normal; font-stretch: normal; font-size: 9px; line-height: normal; font-family: Menlo;\"><\/span><b>Stornierung mehr als 7 Tage vor Abholung:<\/b><br>Wenn Sie Ihre Reservierung mehr als 7 Tage vor der geplanten Abholzeit stornieren, erhalten Sie die geleistete Anzahlung vollst\u00e4ndig zur\u00fcck. Die R\u00fcckerstattung erfolgt innerhalb von ca. 7 Werktagen auf die urspr\u00fcngliche Zahlungsmethode.<\/li><li style=\"font: 13px &quot;Helvetica Neue&quot;;\"><span style=\"font-variant-numeric: normal; font-variant-east-asian: normal; font-variant-alternates: normal; font-size-adjust: none; font-kerning: auto; font-optical-sizing: auto; font-feature-settings: normal; font-variation-settings: normal; font-variant-position: normal; font-variant-emoji: normal; font-stretch: normal; font-size: 9px; line-height: normal; font-family: Menlo;\"><\/span><b>Stornierung zwischen 6 und 3 Tagen vor Abholung:<\/b><br>Eine R\u00fcckerstattung der im Voraus bezahlten Anzahlung erfolgt, wenn die Stornierung zwischen 6 und 3 Tagen vor der geplanten Abholzeit erfolgt.<\/li><li style=\"font: 13px &quot;Helvetica Neue&quot;;\"><span style=\"font-variant-numeric: normal; font-variant-east-asian: normal; font-variant-alternates: normal; font-size-adjust: none; font-kerning: auto; font-optical-sizing: auto; font-feature-settings: normal; font-variation-settings: normal; font-variant-position: normal; font-variant-emoji: normal; font-stretch: normal; font-size: 9px; line-height: normal; font-family: Menlo;\"><\/span><b>Stornierung weniger als 3 Tage vor Abholung:<\/b><br>Bei Stornierungen, die weniger als 3 Tage vor der geplanten Abholzeit erfolgen, ist keine R\u00fcckerstattung m\u00f6glich.<\/li><li style=\"font: 13px &quot;Helvetica Neue&quot;;\"><span style=\"font-variant-numeric: normal; font-variant-east-asian: normal; font-variant-alternates: normal; font-size-adjust: none; font-kerning: auto; font-optical-sizing: auto; font-feature-settings: normal; font-variation-settings: normal; font-variant-position: normal; font-variant-emoji: normal; font-stretch: normal; font-size: 9px; line-height: normal; font-family: Menlo;\"><\/span><b>No-Show:<\/b><br>Wenn Sie die Reservierung nicht stornieren und das Mietfahrzeug nicht am geplanten Abholtermin abholen, verf\u00e4llt die im Voraus bezahlte Anzahlung.<\/li><\/ul><p style=\"margin-bottom: 0px; font: 400 13px &quot;Helvetica Neue&quot;; min-height: 15px; color: rgb(0, 0, 0);\"><br><\/p><p style=\"margin-bottom: 2px; font: 400 16px &quot;Helvetica Neue&quot;; color: rgb(0, 0, 0);\"><b>2. Vollst\u00e4ndig im Voraus bezahlte Reservierungen<\/b><\/p><ul style=\"color: rgb(0, 0, 0); font-size: medium; font-style: normal; font-variant-ligatures: normal; font-variant-caps: normal; font-weight: 400;\"><li style=\"font: 13px &quot;Helvetica Neue&quot;;\"><span style=\"font-variant-numeric: normal; font-variant-east-asian: normal; font-variant-alternates: normal; font-size-adjust: none; font-kerning: auto; font-optical-sizing: auto; font-feature-settings: normal; font-variation-settings: normal; font-variant-position: normal; font-variant-emoji: normal; font-stretch: normal; font-size: 9px; line-height: normal; font-family: Menlo;\"><\/span><b>Stornierung mehr als 7 Tage vor Abholung:<\/b><br>Wenn Sie Ihre Reservierung mehr als 7 Tage vor der geplanten Abholzeit stornieren, wird der volle Vorauszahlungsbetrag zur\u00fcckerstattet. Die R\u00fcckerstattung erfolgt innerhalb von ca. 7 Werktagen auf die urspr\u00fcngliche Zahlungsmethode.<\/li><li style=\"font: 13px &quot;Helvetica Neue&quot;;\"><span style=\"font-variant-numeric: normal; font-variant-east-asian: normal; font-variant-alternates: normal; font-size-adjust: none; font-kerning: auto; font-optical-sizing: auto; font-feature-settings: normal; font-variation-settings: normal; font-variant-position: normal; font-variant-emoji: normal; font-stretch: normal; font-size: 9px; line-height: normal; font-family: Menlo;\"><\/span><b>Stornierung zwischen 6 und 3 Tagen vor Abholung:<\/b><br>Bei einer Stornierung zwischen 6 und 3 Tagen vor der geplanten Abholzeit werden 50% des im Voraus bezahlten Betrags zur\u00fcckerstattet.<\/li><li style=\"font: 13px &quot;Helvetica Neue&quot;;\"><span style=\"font-variant-numeric: normal; font-variant-east-asian: normal; font-variant-alternates: normal; font-size-adjust: none; font-kerning: auto; font-optical-sizing: auto; font-feature-settings: normal; font-variation-settings: normal; font-variant-position: normal; font-variant-emoji: normal; font-stretch: normal; font-size: 9px; line-height: normal; font-family: Menlo;\"><\/span><b>Stornierung weniger als 3 Tage vor Abholung:<\/b><br>Bei Stornierungen weniger als 3 Tage vor der geplanten Abholzeit erfolgt keine R\u00fcckerstattung.<\/li><li style=\"font: 13px &quot;Helvetica Neue&quot;;\"><span style=\"font-variant-numeric: normal; font-variant-east-asian: normal; font-variant-alternates: normal; font-size-adjust: none; font-kerning: auto; font-optical-sizing: auto; font-feature-settings: normal; font-variation-settings: normal; font-variant-position: normal; font-variant-emoji: normal; font-stretch: normal; font-size: 9px; line-height: normal; font-family: Menlo;\"><\/span><b>No-Show:<\/b><br>Wird die Reservierung nicht storniert und das Mietfahrzeug nicht zum vereinbarten Termin abgeholt, erfolgt keine R\u00fcckerstattung.<\/li><\/ul>\n<p><\/p>\n<p><\/p>\t\t\t\t\t\t\t\t<\/div>\n\t\t\t\t<\/div>\n\t\t\t\t\t<\/div>\n\t\t<\/div>\n\t\t\t\t\t<\/div>\n\t\t<\/section>\n\t\t\t\t<\/div>","protected":false},"excerpt":{"rendered":"<p>Mietbedingungen Home Mietbedingungen Was Sie wissen m\u00fcssen, wenn Sie bei uns ein Auto mieten m\u00f6chten F\u00fcr die Anmietung gelten die folgenden allgemeinen Mietbedingungen. Bitte beachten Sie, dass die spezifischen Mietbedingungen, die f\u00fcr die Anmietung gelten k\u00f6nnen, im Abschnitt \u201eSpezifische Mietbedingungen\u201c zu finden sind. Traffic SA empfiehlt Ihnen dringend, die [\u2026]<\/p>","protected":false},"author":1,"featured_media":0,"parent":0,"menu_order":0,"comment_status":"closed","ping_status":"closed","template":"elementor_header_footer","meta":{"footnotes":""},"class_list":["post-460","page","type-page","status-publish","hentry"],"blocksy_meta":[],"_links":{"self":[{"href":"https:\/\/traffic-luxury.com\/de\/wp-json\/wp\/v2\/pages\/460","targetHints":{"allow":["GET"]}}],"collection":[{"href":"https:\/\/traffic-luxury.com\/de\/wp-json\/wp\/v2\/pages"}],"about":[{"href":"https:\/\/traffic-luxury.com\/de\/wp-json\/wp\/v2\/types\/page"}],"author":[{"embeddable":true,"href":"https:\/\/traffic-luxury.com\/de\/wp-json\/wp\/v2\/users\/1"}],"replies":[{"embeddable":true,"href":"https:\/\/traffic-luxury.com\/de\/wp-json\/wp\/v2\/comments?post=460"}],"version-history":[{"count":19,"href":"https:\/\/traffic-luxury.com\/de\/wp-json\/wp\/v2\/pages\/460\/revisions"}],"predecessor-version":[{"id":629,"href":"https:\/\/traffic-luxury.com\/de\/wp-json\/wp\/v2\/pages\/460\/revisions\/629"}],"wp:attachment":[{"href":"https:\/\/traffic-luxury.com\/de\/wp-json\/wp\/v2\/media?parent=460"}],"curies":[{"name":"wp","href":"https:\/\/api.w.org\/{rel}","templated":true}]}}