{"id":460,"date":"2024-01-16T14:11:30","date_gmt":"2024-01-16T12:11:30","guid":{"rendered":"https:\/\/traffic-luxury.com\/?page_id=460"},"modified":"2025-07-04T21:40:40","modified_gmt":"2025-07-04T18:40:40","slug":"rental-policy","status":"publish","type":"page","link":"https:\/\/traffic-luxury.com\/fr\/politique-de-location\/","title":{"rendered":"Politique de location"},"content":{"rendered":"<div data-elementor-type=\"wp-page\" data-elementor-id=\"460\" class=\"elementor elementor-460\" data-elementor-post-type=\"page\">\n\t\t\t\t\t\t<section class=\"elementor-section elementor-top-section elementor-element elementor-element-456f074 elementor-section-height-min-height elementor-section-items-bottom elementor-section-boxed elementor-section-height-default\" data-id=\"456f074\" data-element_type=\"section\" data-e-type=\"section\" data-settings=\"{&quot;background_background&quot;:&quot;classic&quot;}\">\n\t\t\t\t\t\t\t<div class=\"elementor-background-overlay\"><\/div>\n\t\t\t\t\t\t\t<div class=\"elementor-container elementor-column-gap-no\">\n\t\t\t\t\t<div class=\"elementor-column elementor-col-100 elementor-top-column elementor-element elementor-element-0cdca33\" data-id=\"0cdca33\" data-element_type=\"column\" data-e-type=\"column\">\n\t\t\t<div class=\"elementor-widget-wrap elementor-element-populated\">\n\t\t\t\t\t\t<div class=\"elementor-element elementor-element-4708c41 elementor-widget elementor-widget-heading\" data-id=\"4708c41\" data-element_type=\"widget\" data-e-type=\"widget\" data-widget_type=\"heading.default\">\n\t\t\t\t<div class=\"elementor-widget-container\">\n\t\t\t\t\t<h1 class=\"elementor-heading-title elementor-size-default\">Politique de location<\/h1>\t\t\t\t<\/div>\n\t\t\t\t<\/div>\n\t\t\t\t<div class=\"elementor-element elementor-element-1a9030a elementor-icon-list--layout-inline elementor-align-center elementor-list-item-link-full_width elementor-widget elementor-widget-icon-list\" data-id=\"1a9030a\" data-element_type=\"widget\" data-e-type=\"widget\" data-widget_type=\"icon-list.default\">\n\t\t\t\t<div class=\"elementor-widget-container\">\n\t\t\t\t\t\t\t<ul class=\"elementor-icon-list-items elementor-inline-items\">\n\t\t\t\t\t\t\t<li class=\"elementor-icon-list-item elementor-inline-item\">\n\t\t\t\t\t\t\t\t\t\t\t<a href=\"https:\/\/traffic-luxury.com\/fr\">\n\n\t\t\t\t\t\t\t\t\t\t\t<span class=\"elementor-icon-list-text\">Maison<\/span>\n\t\t\t\t\t\t\t\t\t\t\t<\/a>\n\t\t\t\t\t\t\t\t\t<\/li>\n\t\t\t\t\t\t\t\t<li class=\"elementor-icon-list-item elementor-inline-item\">\n\t\t\t\t\t\t\t\t\t\t\t<a href=\"https:\/\/traffic-luxury.com\/fr\/politique-de-location\/\">\n\n\t\t\t\t\t\t\t\t\t\t\t\t<span class=\"elementor-icon-list-icon\">\n\t\t\t\t\t\t\t<i aria-hidden=\"true\" class=\"fas fa-chevron-right\"><\/i>\t\t\t\t\t\t<\/span>\n\t\t\t\t\t\t\t\t\t\t<span class=\"elementor-icon-list-text\">Politique de location<\/span>\n\t\t\t\t\t\t\t\t\t\t\t<\/a>\n\t\t\t\t\t\t\t\t\t<\/li>\n\t\t\t\t\t\t<\/ul>\n\t\t\t\t\t\t<\/div>\n\t\t\t\t<\/div>\n\t\t\t\t\t<\/div>\n\t\t<\/div>\n\t\t\t\t\t<\/div>\n\t\t<\/section>\n\t\t\t\t<section class=\"elementor-section elementor-top-section elementor-element elementor-element-f6343b2 elementor-section-boxed elementor-section-height-default elementor-section-height-default\" data-id=\"f6343b2\" data-element_type=\"section\" data-e-type=\"section\">\n\t\t\t\t\t\t<div class=\"elementor-container elementor-column-gap-no\">\n\t\t\t\t\t<div class=\"elementor-column elementor-col-100 elementor-top-column elementor-element elementor-element-650da0f\" data-id=\"650da0f\" data-element_type=\"column\" data-e-type=\"column\">\n\t\t\t<div class=\"elementor-widget-wrap elementor-element-populated\">\n\t\t\t\t\t\t<div class=\"elementor-element elementor-element-50bb318 elementor-widget-tablet_extra__width-initial elementor-widget elementor-widget-text-editor\" data-id=\"50bb318\" data-element_type=\"widget\" data-e-type=\"widget\" data-widget_type=\"text-editor.default\">\n\t\t\t\t<div class=\"elementor-widget-container\">\n\t\t\t\t\t\t\t\t\t<h5>Ce que vous devez savoir pour louer une voiture avec nous<\/h5>\n<p>Les conditions g\u00e9n\u00e9rales de location suivantes s&#039;appliquent \u00e0 la location. Veuillez noter que les conditions particuli\u00e8res de location pouvant s&#039;appliquer \u00e0 la location sont disponibles dans la rubrique conditions particuli\u00e8res de location. Traffic SA vous recommande vivement de lire attentivement les conditions g\u00e9n\u00e9rales de location ainsi que les conditions particuli\u00e8res applicables \u00e0 la location. Traffic SA vous recommande \u00e9galement fortement de lire attentivement les termes et conditions mentionn\u00e9s dans le contrat de location que vous avez sign\u00e9 \u00e0 l&#039;agence Traffic SA avant le d\u00e9part. Afin de faciliter le processus de location, les conditions g\u00e9n\u00e9rales de Traffic SA sont disponibles dans la langue locale et en anglais.<\/p>\n<h5>Conditions g\u00e9n\u00e9rales<\/h5>\n<p><strong>\u00c2GE DU CONDUCTEUR<\/strong>: L&#039;\u00e2ge minimum du conducteur pour les titulaires d&#039;une carte de cr\u00e9dit est de 21 ans et pour les non-titulaires de 23 ans. Pour les voitures des cat\u00e9gories F, K-K2, L3, S1-S3 et \u039c, l&#039;\u00e2ge minimum du conducteur est de 25 ans.<\/p>\n<p><strong>PERMIS DE CONDUIRE<\/strong>:Le conducteur doit \u00eatre titulaire d&#039;un permis de conduire complet depuis au moins 3 ans.<\/p>\n<p><strong>DUR\u00c9E MINIMALE DE LOCATION<\/strong>: 24 heures. 29 minutes apr\u00e8s la fin de la p\u00e9riode de location de 24 heures, une journ\u00e9e suppl\u00e9mentaire sera factur\u00e9e.<\/p>\n<p><strong>AMENDES<\/strong>: Toutes les amendes et p\u00e9nalit\u00e9s administratives sont \u00e0 la charge du conducteur.<\/p>\n<p><strong>DISPONIBILIT\u00c9 DES VOITURES<\/strong>: La soci\u00e9t\u00e9 se r\u00e9serve le droit de remplacer les types de voitures dans chaque cat\u00e9gorie.<\/p>\n<p><strong>COLLECTE-LIVRAISON<\/strong>: Gratuit pour toutes les cat\u00e9gories.<\/p>\n<p><strong>SORTIE DE VOITURE DE GR\u00c8CE<\/strong>: Les voitures lou\u00e9es ne peuvent pas \u00eatre emmen\u00e9es en dehors des fronti\u00e8res de la Gr\u00e8ce sans l&#039;accord \u00e9crit pr\u00e9alable de Traffic SA.<\/p>\n<p><strong>TRANSPORT MARITIME<\/strong>: La voiture ne peut pas \u00eatre embarqu\u00e9e sur un navire sans l&#039;accord \u00e9crit pr\u00e9alable de Traffic SA<\/p>\n<h5>Polices d\u2019assurance voitures de luxe<\/h5>\n<p>LES VOITURES DE CAT\u00c9GORIE DE LUXE SONT LOCABLES UNIQUEMENT AVEC L&#039;ASSURANCE CDW<\/p>\n<p><strong>Assurance CDW&nbsp;<\/strong><\/p>\n<p>Le locataire est responsable jusqu&#039;au montant de la caution indiqu\u00e9 pour chaque voiture.<\/p>\n<p>Le locataire est responsable du paiement de tous les dommages caus\u00e9s par les pneus des jantes int\u00e9rieures du train de roulement, m\u00eame s&#039;ils d\u00e9passent le montant exc\u00e9dentaire. L&#039;assurance CDW ne s&#039;applique pas si les dommages sont dus \u00e0 des violations du code de la route grec.<\/p>\n<p>Pour toutes les cat\u00e9gories de voitures de luxe, une carte de cr\u00e9dit (ou dans certains cas des esp\u00e8ces) comme garantie est requise.<\/p>\n<p>Tous les tarifs sont journaliers et incluent la TVA 24% et les kilom\u00e8tres illimit\u00e9s.<\/p>\n<ul>\n<li>Assistance t\u00e9l\u00e9phonique d&#039;urgence 24 heures sur 24<\/li>\n<li>Assistance routi\u00e8re 24 heures sur 24<\/li>\n<li>Changement de voiture en cas de panne<\/li>\n<li>Pas de surprise au bureau<\/li>\n<li>Kilom\u00e8tres illimit\u00e9s<\/li>\n<li>Livraisons\/Retraits \u00e0 l&#039;a\u00e9roport, \u00e0 votre h\u00f4tel ou dans nos bureaux<\/li>\n<\/ul>\n<p><em>Remarque\u00a0: Assurez-vous de demander votre type de carburant pr\u00e9f\u00e9r\u00e9, votre type de transmission et tout autre d\u00e9tail pour recevoir la meilleure assistance possible de nos repr\u00e9sentants exp\u00e9riment\u00e9s\u00a0!<\/em><\/p>\n<p><em>&nbsp;<\/em><b style=\"color: rgb(0, 0, 0); font-family: &quot;Helvetica Neue&quot;; font-size: 20px;\">Politique d&#039;annulation<\/b><\/p><p style=\"margin-bottom: 0px; font: 400 13px &quot;Helvetica Neue&quot;; color: rgb(0, 0, 0);\">Notre politique d&#039;annulation d\u00e9pend du type de r\u00e9servation. Veuillez consulter les conditions applicables ci-dessous\u00a0:<\/p><p style=\"margin-bottom: 0px; font: 400 13px &quot;Helvetica Neue&quot;; min-height: 15px; color: rgb(0, 0, 0);\"><br><\/p><p style=\"margin-bottom: 2px; font: 400 16px &quot;Helvetica Neue&quot;; color: rgb(0, 0, 0);\"><b>1. R\u00e9servations partiellement pr\u00e9pay\u00e9es<\/b><\/p><ul style=\"color: rgb(0, 0, 0); font-size: medium; font-style: normal; font-variant-ligatures: normal; font-variant-caps: normal; font-weight: 400;\"><li style=\"font: 13px &quot;Helvetica Neue&quot;;\"><span style=\"font-variant-numeric: normal; font-variant-east-asian: normal; font-variant-alternates: normal; font-size-adjust: none; font-kerning: auto; font-optical-sizing: auto; font-feature-settings: normal; font-variation-settings: normal; font-variant-position: normal; font-variant-emoji: normal; font-stretch: normal; font-size: 9px; line-height: normal; font-family: Menlo;\"><\/span><b>Annulation plus de 7 jours avant le retrait :<\/b><br>Si vous annulez votre r\u00e9servation plus de 7 jours avant l&#039;heure de prise en charge pr\u00e9vue, vous recevrez un remboursement int\u00e9gral de l&#039;acompte vers\u00e9. Le remboursement sera effectu\u00e9 sur le mode de paiement initial dans un d\u00e9lai d&#039;environ 7 jours ouvr\u00e9s.<\/li><li style=\"font: 13px &quot;Helvetica Neue&quot;;\"><span style=\"font-variant-numeric: normal; font-variant-east-asian: normal; font-variant-alternates: normal; font-size-adjust: none; font-kerning: auto; font-optical-sizing: auto; font-feature-settings: normal; font-variation-settings: normal; font-variant-position: normal; font-variant-emoji: normal; font-stretch: normal; font-size: 9px; line-height: normal; font-family: Menlo;\"><\/span><b>Annulation entre 6 et 3 jours avant le retrait :<\/b><br>Un remboursement 50% de l&#039;acompte pr\u00e9pay\u00e9 sera \u00e9mis si l&#039;annulation est effectu\u00e9e entre 6 et 3 jours avant l&#039;heure de prise en charge pr\u00e9vue.<\/li><li style=\"font: 13px &quot;Helvetica Neue&quot;;\"><span style=\"font-variant-numeric: normal; font-variant-east-asian: normal; font-variant-alternates: normal; font-size-adjust: none; font-kerning: auto; font-optical-sizing: auto; font-feature-settings: normal; font-variation-settings: normal; font-variant-position: normal; font-variant-emoji: normal; font-stretch: normal; font-size: 9px; line-height: normal; font-family: Menlo;\"><\/span><b>Annulation moins de 3 jours avant le retrait :<\/b><br>Les annulations effectu\u00e9es moins de 3 jours avant l&#039;heure de prise en charge pr\u00e9vue ne donnent pas droit \u00e0 un remboursement.<\/li><li style=\"font: 13px &quot;Helvetica Neue&quot;;\"><span style=\"font-variant-numeric: normal; font-variant-east-asian: normal; font-variant-alternates: normal; font-size-adjust: none; font-kerning: auto; font-optical-sizing: auto; font-feature-settings: normal; font-variation-settings: normal; font-variant-position: normal; font-variant-emoji: normal; font-stretch: normal; font-size: 9px; line-height: normal; font-family: Menlo;\"><\/span><b>Non-pr\u00e9sentation :<\/b><br>Le non-respect de l&#039;annulation de la r\u00e9servation et du retrait du v\u00e9hicule de location \u00e0 la date de prise en charge pr\u00e9vue entra\u00eenera la perte de l&#039;acompte pr\u00e9pay\u00e9.<\/li><\/ul><p style=\"margin-bottom: 0px; font: 400 13px &quot;Helvetica Neue&quot;; min-height: 15px; color: rgb(0, 0, 0);\"><br><\/p><p style=\"margin-bottom: 2px; font: 400 16px &quot;Helvetica Neue&quot;; color: rgb(0, 0, 0);\"><b>2. R\u00e9servations enti\u00e8rement pr\u00e9pay\u00e9es<\/b><\/p><ul style=\"color: rgb(0, 0, 0); font-size: medium; font-style: normal; font-variant-ligatures: normal; font-variant-caps: normal; font-weight: 400;\"><li style=\"font: 13px &quot;Helvetica Neue&quot;;\"><span style=\"font-variant-numeric: normal; font-variant-east-asian: normal; font-variant-alternates: normal; font-size-adjust: none; font-kerning: auto; font-optical-sizing: auto; font-feature-settings: normal; font-variation-settings: normal; font-variant-position: normal; font-variant-emoji: normal; font-stretch: normal; font-size: 9px; line-height: normal; font-family: Menlo;\"><\/span><b>Annulation plus de 7 jours avant le retrait :<\/b><br>Si vous annulez votre r\u00e9servation plus de 7 jours avant l&#039;heure de prise en charge pr\u00e9vue, le montant pr\u00e9pay\u00e9 vous sera int\u00e9gralement rembours\u00e9. Le remboursement sera effectu\u00e9 sur le mode de paiement initial dans un d\u00e9lai d&#039;environ 7 jours ouvr\u00e9s.<\/li><li style=\"font: 13px &quot;Helvetica Neue&quot;;\"><span style=\"font-variant-numeric: normal; font-variant-east-asian: normal; font-variant-alternates: normal; font-size-adjust: none; font-kerning: auto; font-optical-sizing: auto; font-feature-settings: normal; font-variation-settings: normal; font-variant-position: normal; font-variant-emoji: normal; font-stretch: normal; font-size: 9px; line-height: normal; font-family: Menlo;\"><\/span><b>Annulation entre 6 et 3 jours avant le retrait :<\/b><br>Si vous annulez entre 6 et 3 jours avant l&#039;heure de prise en charge pr\u00e9vue, 50% du montant pr\u00e9pay\u00e9 seront rembours\u00e9s.<\/li><li style=\"font: 13px &quot;Helvetica Neue&quot;;\"><span style=\"font-variant-numeric: normal; font-variant-east-asian: normal; font-variant-alternates: normal; font-size-adjust: none; font-kerning: auto; font-optical-sizing: auto; font-feature-settings: normal; font-variation-settings: normal; font-variant-position: normal; font-variant-emoji: normal; font-stretch: normal; font-size: 9px; line-height: normal; font-family: Menlo;\"><\/span><b>Annulation moins de 3 jours avant le retrait :<\/b><br>Aucun remboursement ne sera effectu\u00e9 pour les annulations effectu\u00e9es moins de 3 jours avant l&#039;heure de prise en charge pr\u00e9vue.<\/li><li style=\"font: 13px &quot;Helvetica Neue&quot;;\"><span style=\"font-variant-numeric: normal; font-variant-east-asian: normal; font-variant-alternates: normal; font-size-adjust: none; font-kerning: auto; font-optical-sizing: auto; font-feature-settings: normal; font-variation-settings: normal; font-variant-position: normal; font-variant-emoji: normal; font-stretch: normal; font-size: 9px; line-height: normal; font-family: Menlo;\"><\/span><b>Non-pr\u00e9sentation :<\/b><br>Si la r\u00e9servation n&#039;est pas annul\u00e9e et que le v\u00e9hicule de location n&#039;est pas r\u00e9cup\u00e9r\u00e9 \u00e0 la date pr\u00e9vue, aucun remboursement ne sera effectu\u00e9.<\/li><\/ul>\n<p><\/p>\n<p><\/p>\t\t\t\t\t\t\t\t<\/div>\n\t\t\t\t<\/div>\n\t\t\t\t\t<\/div>\n\t\t<\/div>\n\t\t\t\t\t<\/div>\n\t\t<\/section>\n\t\t\t\t<\/div>","protected":false},"excerpt":{"rendered":"<p>Politique de location Accueil Politique de location Ce que vous devez savoir pour louer une voiture chez nous Les conditions g\u00e9n\u00e9rales de location suivantes s&#039;appliquent \u00e0 la location. Veuillez noter que les conditions particuli\u00e8res de location pouvant s&#039;appliquer \u00e0 la location sont disponibles dans la rubrique conditions particuli\u00e8res de location. Traffic SA vous recommande fortement de lire attentivement les [\u2026]<\/p>","protected":false},"author":1,"featured_media":0,"parent":0,"menu_order":0,"comment_status":"closed","ping_status":"closed","template":"elementor_header_footer","meta":{"footnotes":""},"class_list":["post-460","page","type-page","status-publish","hentry"],"blocksy_meta":[],"_links":{"self":[{"href":"https:\/\/traffic-luxury.com\/fr\/wp-json\/wp\/v2\/pages\/460","targetHints":{"allow":["GET"]}}],"collection":[{"href":"https:\/\/traffic-luxury.com\/fr\/wp-json\/wp\/v2\/pages"}],"about":[{"href":"https:\/\/traffic-luxury.com\/fr\/wp-json\/wp\/v2\/types\/page"}],"author":[{"embeddable":true,"href":"https:\/\/traffic-luxury.com\/fr\/wp-json\/wp\/v2\/users\/1"}],"replies":[{"embeddable":true,"href":"https:\/\/traffic-luxury.com\/fr\/wp-json\/wp\/v2\/comments?post=460"}],"version-history":[{"count":19,"href":"https:\/\/traffic-luxury.com\/fr\/wp-json\/wp\/v2\/pages\/460\/revisions"}],"predecessor-version":[{"id":629,"href":"https:\/\/traffic-luxury.com\/fr\/wp-json\/wp\/v2\/pages\/460\/revisions\/629"}],"wp:attachment":[{"href":"https:\/\/traffic-luxury.com\/fr\/wp-json\/wp\/v2\/media?parent=460"}],"curies":[{"name":"wp","href":"https:\/\/api.w.org\/{rel}","templated":true}]}}