{"id":460,"date":"2024-01-16T14:11:30","date_gmt":"2024-01-16T12:11:30","guid":{"rendered":"https:\/\/traffic-luxury.com\/?page_id=460"},"modified":"2025-07-04T21:40:40","modified_gmt":"2025-07-04T18:40:40","slug":"rental-policy","status":"publish","type":"page","link":"https:\/\/traffic-luxury.com\/pl\/polityka-najmu\/","title":{"rendered":"Polityka wynajmu"},"content":{"rendered":"<div data-elementor-type=\"wp-page\" data-elementor-id=\"460\" class=\"elementor elementor-460\" data-elementor-post-type=\"page\">\n\t\t\t\t\t\t<section class=\"elementor-section elementor-top-section elementor-element elementor-element-456f074 elementor-section-height-min-height elementor-section-items-bottom elementor-section-boxed elementor-section-height-default\" data-id=\"456f074\" data-element_type=\"section\" data-e-type=\"section\" data-settings=\"{&quot;background_background&quot;:&quot;classic&quot;}\">\n\t\t\t\t\t\t\t<div class=\"elementor-background-overlay\"><\/div>\n\t\t\t\t\t\t\t<div class=\"elementor-container elementor-column-gap-no\">\n\t\t\t\t\t<div class=\"elementor-column elementor-col-100 elementor-top-column elementor-element elementor-element-0cdca33\" data-id=\"0cdca33\" data-element_type=\"column\" data-e-type=\"column\">\n\t\t\t<div class=\"elementor-widget-wrap elementor-element-populated\">\n\t\t\t\t\t\t<div class=\"elementor-element elementor-element-4708c41 elementor-widget elementor-widget-heading\" data-id=\"4708c41\" data-element_type=\"widget\" data-e-type=\"widget\" data-widget_type=\"heading.default\">\n\t\t\t\t<div class=\"elementor-widget-container\">\n\t\t\t\t\t<h1 class=\"elementor-heading-title elementor-size-default\">Polityka wynajmu<\/h1>\t\t\t\t<\/div>\n\t\t\t\t<\/div>\n\t\t\t\t<div class=\"elementor-element elementor-element-1a9030a elementor-icon-list--layout-inline elementor-align-center elementor-list-item-link-full_width elementor-widget elementor-widget-icon-list\" data-id=\"1a9030a\" data-element_type=\"widget\" data-e-type=\"widget\" data-widget_type=\"icon-list.default\">\n\t\t\t\t<div class=\"elementor-widget-container\">\n\t\t\t\t\t\t\t<ul class=\"elementor-icon-list-items elementor-inline-items\">\n\t\t\t\t\t\t\t<li class=\"elementor-icon-list-item elementor-inline-item\">\n\t\t\t\t\t\t\t\t\t\t\t<a href=\"https:\/\/traffic-luxury.com\/pl\">\n\n\t\t\t\t\t\t\t\t\t\t\t<span class=\"elementor-icon-list-text\">Dom<\/span>\n\t\t\t\t\t\t\t\t\t\t\t<\/a>\n\t\t\t\t\t\t\t\t\t<\/li>\n\t\t\t\t\t\t\t\t<li class=\"elementor-icon-list-item elementor-inline-item\">\n\t\t\t\t\t\t\t\t\t\t\t<a href=\"https:\/\/traffic-luxury.com\/pl\/polityka-najmu\/\">\n\n\t\t\t\t\t\t\t\t\t\t\t\t<span class=\"elementor-icon-list-icon\">\n\t\t\t\t\t\t\t<i aria-hidden=\"true\" class=\"fas fa-chevron-right\"><\/i>\t\t\t\t\t\t<\/span>\n\t\t\t\t\t\t\t\t\t\t<span class=\"elementor-icon-list-text\">Polityka wynajmu<\/span>\n\t\t\t\t\t\t\t\t\t\t\t<\/a>\n\t\t\t\t\t\t\t\t\t<\/li>\n\t\t\t\t\t\t<\/ul>\n\t\t\t\t\t\t<\/div>\n\t\t\t\t<\/div>\n\t\t\t\t\t<\/div>\n\t\t<\/div>\n\t\t\t\t\t<\/div>\n\t\t<\/section>\n\t\t\t\t<section class=\"elementor-section elementor-top-section elementor-element elementor-element-f6343b2 elementor-section-boxed elementor-section-height-default elementor-section-height-default\" data-id=\"f6343b2\" data-element_type=\"section\" data-e-type=\"section\">\n\t\t\t\t\t\t<div class=\"elementor-container elementor-column-gap-no\">\n\t\t\t\t\t<div class=\"elementor-column elementor-col-100 elementor-top-column elementor-element elementor-element-650da0f\" data-id=\"650da0f\" data-element_type=\"column\" data-e-type=\"column\">\n\t\t\t<div class=\"elementor-widget-wrap elementor-element-populated\">\n\t\t\t\t\t\t<div class=\"elementor-element elementor-element-50bb318 elementor-widget-tablet_extra__width-initial elementor-widget elementor-widget-text-editor\" data-id=\"50bb318\" data-element_type=\"widget\" data-e-type=\"widget\" data-widget_type=\"text-editor.default\">\n\t\t\t\t<div class=\"elementor-widget-container\">\n\t\t\t\t\t\t\t\t\t<h5>Co musisz wiedzie\u0107, wynajmuj\u0105c samoch\u00f3d u nas<\/h5>\n<p>Do najmu maj\u0105 zastosowanie poni\u017csze og\u00f3lne warunki najmu. Nale\u017cy pami\u0119ta\u0107, \u017ce szczeg\u00f3\u0142owe warunki wynajmu, kt\u00f3re mog\u0105 mie\u0107 zastosowanie do wynajmu, s\u0105 dost\u0119pne w sekcji szczeg\u00f3\u0142owe warunki wynajmu. Traffic SA zdecydowanie zaleca uwa\u017cne zapoznanie si\u0119 z og\u00f3lnymi warunkami wynajmu, a tak\u017ce szczeg\u00f3\u0142owymi warunkami wynajmu obowi\u0105zuj\u0105cymi w przypadku wynajmu. Traffic SA zaleca tak\u017ce uwa\u017cne zapoznanie si\u0119 z warunkami zawartymi w umowie najmu, kt\u00f3r\u0105 podpisa\u0142e\u015b na stacji Traffic SA przed wymeldowaniem. Aby u\u0142atwi\u0107 proces najmu, regulamin Traffic SA dost\u0119pny jest w j\u0119zyku lokalnym oraz w j\u0119zyku angielskim.<\/p>\n<h5>Og\u00f3lne warunki<\/h5>\n<p><strong>WIEK KIEROWCY<\/strong>: Minimalny wiek kierowcy dla posiadaczy kart kredytowych wynosi 21 lat, a dla os\u00f3b nieposiadaj\u0105cych kart kredytowych 23 lata. W przypadku samochod\u00f3w kategorii F, K-K2, L3, S1-S3 i \u039c minimalny wiek kierowcy wynosi 25 lat.<\/p>\n<p><strong>PRAWO JAZDY<\/strong>:Kierowca musi posiada\u0107 pe\u0142ne prawo jazdy od co najmniej 3 lat.<\/p>\n<p><strong>MINIMALNY CZAS WYNAJMU<\/strong>: 24 godziny, 29 minut po zako\u0144czeniu 24-godzinnego okresu wynajmu, zostanie naliczona op\u0142ata za dodatkowy dzie\u0144.<\/p>\n<p><strong>GRZYWNY<\/strong>: Wszystkie mandaty i kary administracyjne op\u0142aca kierowca.<\/p>\n<p><strong>DOST\u0118PNO\u015a\u0106 SAMOCHODU<\/strong>: Firma zastrzega sobie prawo do wymiany typ\u00f3w samochod\u00f3w w ka\u017cdej kategorii.<\/p>\n<p><strong>ODBI\u00d3R-DOSTAWA<\/strong>: Bezp\u0142atnie dla wszystkich kategorii.<\/p>\n<p><strong>WYJAZD SAMOCHODOWY Z GRECJI<\/strong>: Wynaj\u0119te samochody nie mog\u0105 by\u0107 wywo\u017cone poza granice Grecji bez uprzedniej pisemnej zgody Traffic SA<\/p>\n<p><strong>TRANSPORT WODNY<\/strong>: Zabrania si\u0119 zaokr\u0119towania samochodu na statek bez uprzedniej pisemnej zgody Traffic SA<\/p>\n<h5>Polisy ubezpieczeniowe samochod\u00f3w luksusowych<\/h5>\n<p>SAMOCHODY KATEGORII LUKSUSOWE MO\u017bNA WYNAJMOWA\u0106 WY\u0141\u0104CZNIE Z UBEZPIECZENIEM CDW<\/p>\n<p><strong>Ubezpieczenie CDW&nbsp;<\/strong><\/p>\n<p>Wynajmuj\u0105cy odpowiada do wysoko\u015bci kwoty depozytu okre\u015blonej dla ka\u017cdego samochodu.<\/p>\n<p>Najemca jest odpowiedzialny za pokrycie wszelkich szk\u00f3d spowodowanych przez wewn\u0119trzne felgi podwozia, opony, nawet je\u015bli przekraczaj\u0105 one kwot\u0119 nadwy\u017cki. Ubezpieczenie CDW nie ma zastosowania, je\u015bli szkody wynikaj\u0105 z naruszenia greckiego kodeksu drogowego.<\/p>\n<p>W przypadku wszystkich samochod\u00f3w kategorii luksusowej wymagana jest karta kredytowa (lub w niekt\u00f3rych przypadkach got\u00f3wka) jako gwarancja.<\/p>\n<p>Wszystkie stawki s\u0105 cenami dziennymi i zawieraj\u0105 podatek VAT 24% oraz nieograniczon\u0105 liczb\u0119 kimometr\u00f3w.<\/p>\n<ul>\n<li>Ca\u0142odobowa pomoc telefoniczna w nag\u0142ych wypadkach<\/li>\n<li>Ca\u0142odobowa pomoc drogowa<\/li>\n<li>Zmiana samochodu w przypadku awarii<\/li>\n<li>\u017badnych niespodzianek przy biurku<\/li>\n<li>Nielimitowane kilometry<\/li>\n<li>Dostawy\/odbi\u00f3r na lotnisku, w Twoim hotelu lub w naszych biurach<\/li>\n<\/ul>\n<p><em>Uwaga: pami\u0119taj, aby poprosi\u0107 o preferowany rodzaj paliwa, rodzaj skrzyni bieg\u00f3w i inne szczeg\u00f3\u0142y, aby otrzyma\u0107 najlepsz\u0105 mo\u017cliw\u0105 pomoc od naszych do\u015bwiadczonych przedstawicieli!<\/em><\/p>\n<p><em>&nbsp;<\/em><b style=\"color: rgb(0, 0, 0); font-family: &quot;Helvetica Neue&quot;; font-size: 20px;\">Zasady anulowania<\/b><\/p><p style=\"margin-bottom: 0px; font: 400 13px &quot;Helvetica Neue&quot;; color: rgb(0, 0, 0);\">Nasza polityka anulowania zale\u017cy od rodzaju dokonanej rezerwacji. Zapoznaj si\u0119 z obowi\u0105zuj\u0105cymi warunkami poni\u017cej:<\/p><p style=\"margin-bottom: 0px; font: 400 13px &quot;Helvetica Neue&quot;; min-height: 15px; color: rgb(0, 0, 0);\"><br><\/p><p style=\"margin-bottom: 2px; font: 400 16px &quot;Helvetica Neue&quot;; color: rgb(0, 0, 0);\"><b>1. Cz\u0119\u015bciowo op\u0142acone rezerwacje<\/b><\/p><ul style=\"color: rgb(0, 0, 0); font-size: medium; font-style: normal; font-variant-ligatures: normal; font-variant-caps: normal; font-weight: 400;\"><li style=\"font: 13px &quot;Helvetica Neue&quot;;\"><span style=\"font-variant-numeric: normal; font-variant-east-asian: normal; font-variant-alternates: normal; font-size-adjust: none; font-kerning: auto; font-optical-sizing: auto; font-feature-settings: normal; font-variation-settings: normal; font-variant-position: normal; font-variant-emoji: normal; font-stretch: normal; font-size: 9px; line-height: normal; font-family: Menlo;\"><\/span><b>Anulowanie rezerwacji na wi\u0119cej ni\u017c 7 dni przed odbiorem:<\/b><br>Je\u015bli anulujesz rezerwacj\u0119 na wi\u0119cej ni\u017c 7 dni przed planowanym czasem odbioru, otrzymasz pe\u0142ny zwrot wp\u0142aconego depozytu. Zwroty zostan\u0105 przetworzone na oryginaln\u0105 metod\u0119 p\u0142atno\u015bci w ci\u0105gu oko\u0142o 7 dni roboczych.<\/li><li style=\"font: 13px &quot;Helvetica Neue&quot;;\"><span style=\"font-variant-numeric: normal; font-variant-east-asian: normal; font-variant-alternates: normal; font-size-adjust: none; font-kerning: auto; font-optical-sizing: auto; font-feature-settings: normal; font-variation-settings: normal; font-variant-position: normal; font-variant-emoji: normal; font-stretch: normal; font-size: 9px; line-height: normal; font-family: Menlo;\"><\/span><b>Anulowanie rezerwacji w okresie od 6 do 3 dni przed odbiorem:<\/b><br>Zwrot wp\u0142aconego depozytu w kwocie 50% zostanie zrealizowany, je\u015bli anulowanie rezerwacji nast\u0105pi w okresie od 6 do 3 dni przed planowan\u0105 godzin\u0105 odbioru.<\/li><li style=\"font: 13px &quot;Helvetica Neue&quot;;\"><span style=\"font-variant-numeric: normal; font-variant-east-asian: normal; font-variant-alternates: normal; font-size-adjust: none; font-kerning: auto; font-optical-sizing: auto; font-feature-settings: normal; font-variation-settings: normal; font-variant-position: normal; font-variant-emoji: normal; font-stretch: normal; font-size: 9px; line-height: normal; font-family: Menlo;\"><\/span><b>Anulowanie rezerwacji na mniej ni\u017c 3 dni przed odbiorem:<\/b><br>Anulacje dokonane na mniej ni\u017c 3 dni przed planowan\u0105 godzin\u0105 odbioru nie uprawniaj\u0105 do zwrotu pieni\u0119dzy.<\/li><li style=\"font: 13px &quot;Helvetica Neue&quot;;\"><span style=\"font-variant-numeric: normal; font-variant-east-asian: normal; font-variant-alternates: normal; font-size-adjust: none; font-kerning: auto; font-optical-sizing: auto; font-feature-settings: normal; font-variation-settings: normal; font-variant-position: normal; font-variant-emoji: normal; font-stretch: normal; font-size: 9px; line-height: normal; font-family: Menlo;\"><\/span><b>Nieobecno\u015b\u0107:<\/b><br>Nieanulowanie rezerwacji i nieodebranie pojazdu wynaj\u0119tego w zaplanowanym terminie spowoduje utrat\u0119 wp\u0142aconego depozytu.<\/li><\/ul><p style=\"margin-bottom: 0px; font: 400 13px &quot;Helvetica Neue&quot;; min-height: 15px; color: rgb(0, 0, 0);\"><br><\/p><p style=\"margin-bottom: 2px; font: 400 16px &quot;Helvetica Neue&quot;; color: rgb(0, 0, 0);\"><b>2. Rezerwacje w pe\u0142ni op\u0142acone z g\u00f3ry<\/b><\/p><ul style=\"color: rgb(0, 0, 0); font-size: medium; font-style: normal; font-variant-ligatures: normal; font-variant-caps: normal; font-weight: 400;\"><li style=\"font: 13px &quot;Helvetica Neue&quot;;\"><span style=\"font-variant-numeric: normal; font-variant-east-asian: normal; font-variant-alternates: normal; font-size-adjust: none; font-kerning: auto; font-optical-sizing: auto; font-feature-settings: normal; font-variation-settings: normal; font-variant-position: normal; font-variant-emoji: normal; font-stretch: normal; font-size: 9px; line-height: normal; font-family: Menlo;\"><\/span><b>Anulowanie rezerwacji na wi\u0119cej ni\u017c 7 dni przed odbiorem:<\/b><br>Je\u015bli anulujesz rezerwacj\u0119 na wi\u0119cej ni\u017c 7 dni przed planowanym czasem odbioru, ca\u0142a przedp\u0142acona kwota zostanie zwr\u00f3cona. Zwroty zostan\u0105 przetworzone na oryginaln\u0105 metod\u0119 p\u0142atno\u015bci w ci\u0105gu oko\u0142o 7 dni roboczych.<\/li><li style=\"font: 13px &quot;Helvetica Neue&quot;;\"><span style=\"font-variant-numeric: normal; font-variant-east-asian: normal; font-variant-alternates: normal; font-size-adjust: none; font-kerning: auto; font-optical-sizing: auto; font-feature-settings: normal; font-variation-settings: normal; font-variant-position: normal; font-variant-emoji: normal; font-stretch: normal; font-size: 9px; line-height: normal; font-family: Menlo;\"><\/span><b>Anulowanie rezerwacji w okresie od 6 do 3 dni przed odbiorem:<\/b><br>W przypadku anulowania rezerwacji w okresie od 6 do 3 dni przed planowan\u0105 godzin\u0105 odbioru, zwrotowi podlega kwota 50% z przedp\u0142aconej kwoty.<\/li><li style=\"font: 13px &quot;Helvetica Neue&quot;;\"><span style=\"font-variant-numeric: normal; font-variant-east-asian: normal; font-variant-alternates: normal; font-size-adjust: none; font-kerning: auto; font-optical-sizing: auto; font-feature-settings: normal; font-variation-settings: normal; font-variant-position: normal; font-variant-emoji: normal; font-stretch: normal; font-size: 9px; line-height: normal; font-family: Menlo;\"><\/span><b>Anulowanie rezerwacji na mniej ni\u017c 3 dni przed odbiorem:<\/b><br>W przypadku anulowania rezerwacji w terminie kr\u00f3tszym ni\u017c 3 dni przed planowan\u0105 godzin\u0105 odbioru zwrot pieni\u0119dzy nie b\u0119dzie dokonywany.<\/li><li style=\"font: 13px &quot;Helvetica Neue&quot;;\"><span style=\"font-variant-numeric: normal; font-variant-east-asian: normal; font-variant-alternates: normal; font-size-adjust: none; font-kerning: auto; font-optical-sizing: auto; font-feature-settings: normal; font-variation-settings: normal; font-variant-position: normal; font-variant-emoji: normal; font-stretch: normal; font-size: 9px; line-height: normal; font-family: Menlo;\"><\/span><b>Nieobecno\u015b\u0107:<\/b><br>Je\u017celi rezerwacja nie zostanie anulowana i pojazd wynaj\u0119ty nie zostanie odebrany w zaplanowanym terminie, zwrot pieni\u0119dzy nie zostanie zrealizowany.<\/li><\/ul>\n<p><\/p>\n<p><\/p>\t\t\t\t\t\t\t\t<\/div>\n\t\t\t\t<\/div>\n\t\t\t\t\t<\/div>\n\t\t<\/div>\n\t\t\t\t\t<\/div>\n\t\t<\/section>\n\t\t\t\t<\/div>","protected":false},"excerpt":{"rendered":"<p>Polityka wynajmu Strona g\u0142\u00f3wna Polityka wynajmu Co musisz wiedzie\u0107, wynajmuj\u0105c u nas samoch\u00f3d Poni\u017csze og\u00f3lne warunki wynajmu maj\u0105 zastosowanie do wynajmu. Nale\u017cy pami\u0119ta\u0107, \u017ce szczeg\u00f3\u0142owe warunki wynajmu, kt\u00f3re mog\u0105 mie\u0107 zastosowanie do wynajmu, s\u0105 dost\u0119pne w sekcji szczeg\u00f3\u0142owe warunki wynajmu. Traffic SA zdecydowanie zaleca uwa\u017cne przeczytanie [\u2026]<\/p>","protected":false},"author":1,"featured_media":0,"parent":0,"menu_order":0,"comment_status":"closed","ping_status":"closed","template":"elementor_header_footer","meta":{"footnotes":""},"class_list":["post-460","page","type-page","status-publish","hentry"],"blocksy_meta":[],"_links":{"self":[{"href":"https:\/\/traffic-luxury.com\/pl\/wp-json\/wp\/v2\/pages\/460","targetHints":{"allow":["GET"]}}],"collection":[{"href":"https:\/\/traffic-luxury.com\/pl\/wp-json\/wp\/v2\/pages"}],"about":[{"href":"https:\/\/traffic-luxury.com\/pl\/wp-json\/wp\/v2\/types\/page"}],"author":[{"embeddable":true,"href":"https:\/\/traffic-luxury.com\/pl\/wp-json\/wp\/v2\/users\/1"}],"replies":[{"embeddable":true,"href":"https:\/\/traffic-luxury.com\/pl\/wp-json\/wp\/v2\/comments?post=460"}],"version-history":[{"count":19,"href":"https:\/\/traffic-luxury.com\/pl\/wp-json\/wp\/v2\/pages\/460\/revisions"}],"predecessor-version":[{"id":629,"href":"https:\/\/traffic-luxury.com\/pl\/wp-json\/wp\/v2\/pages\/460\/revisions\/629"}],"wp:attachment":[{"href":"https:\/\/traffic-luxury.com\/pl\/wp-json\/wp\/v2\/media?parent=460"}],"curies":[{"name":"wp","href":"https:\/\/api.w.org\/{rel}","templated":true}]}}